{"id":470,"date":"2023-10-04T11:41:06","date_gmt":"2023-10-04T11:41:06","guid":{"rendered":"https:\/\/ilcondominiomio.it\/?page_id=470"},"modified":"2023-12-30T10:02:01","modified_gmt":"2023-12-30T10:02:01","slug":"trasparenza-assistenza-professionalita","status":"publish","type":"page","link":"https:\/\/ilcondominiomio.it\/index.php\/trasparenza-assistenza-professionalita\/","title":{"rendered":"Punti di Forza"},"content":{"rendered":"<p>[et_pb_section fb_built=&#8221;1&#8243; _builder_version=&#8221;4.22.2&#8243; _module_preset=&#8221;default&#8221; custom_margin=&#8221;-51px||-145px||false|false&#8221; global_colors_info=&#8221;{}&#8221;][et_pb_row _builder_version=&#8221;4.22.2&#8243; _module_preset=&#8221;default&#8221; global_colors_info=&#8221;{}&#8221;][et_pb_column type=&#8221;4_4&#8243; _builder_version=&#8221;4.22.2&#8243; _module_preset=&#8221;default&#8221; global_colors_info=&#8221;{}&#8221;][et_pb_divider color=&#8221;#4e5ed0&#8243; divider_weight=&#8221;3px&#8221; disabled_on=&#8221;off|off|off&#8221; _builder_version=&#8221;4.16&#8243; background_color_gradient_direction=&#8221;90deg&#8221; max_width=&#8221;100px&#8221; module_alignment=&#8221;center&#8221; height=&#8221;5px&#8221; custom_margin=&#8221;||20px|&#8221; custom_padding=&#8221;||20px|&#8221; animation_style=&#8221;slide&#8221; animation_direction=&#8221;bottom&#8221; saved_tabs=&#8221;all&#8221; locked=&#8221;off&#8221; global_colors_info=&#8221;{}&#8221;][\/et_pb_divider][\/et_pb_column][\/et_pb_row][\/et_pb_section][et_pb_section fb_built=&#8221;1&#8243; _builder_version=&#8221;4.22.2&#8243; _module_preset=&#8221;default&#8221; custom_margin=&#8221;0px||-20px||false|false&#8221; global_colors_info=&#8221;{}&#8221;][et_pb_row column_structure=&#8221;1_3,1_3,1_3&#8243; _builder_version=&#8221;4.22.2&#8243; _module_preset=&#8221;default&#8221; global_colors_info=&#8221;{}&#8221;][et_pb_column type=&#8221;1_3&#8243; _builder_version=&#8221;4.22.2&#8243; _module_preset=&#8221;default&#8221; global_colors_info=&#8221;{}&#8221;][et_pb_blurb title=&#8221;Trasparenza contabile H24&#8243; use_icon=&#8221;on&#8221; font_icon=&#8221;&#xf4d3;||fa||900&#8243; icon_color=&#8221;#f97900&#8243; _builder_version=&#8221;4.22.2&#8243; _module_preset=&#8221;default&#8221; header_font=&#8221;Quicksand|700|||||||&#8221; header_text_align=&#8221;center&#8221; body_font=&#8221;Quicksand|600|||||||&#8221; body_text_align=&#8221;justify&#8221; animation_style=&#8221;slide&#8221; animation_duration=&#8221;1150ms&#8221; global_colors_info=&#8221;{}&#8221;]<\/p>\n<p>I fondi del Condominio sono anche i tuoi. Non vorresti poetrli monitorare quando e dove vuoi?<\/p>\n<p>Con le credenziali che \u00a0l&#8217;amministratore di condominio fornir\u00e0, gratuitamente per tutta la durata del suo mandato, il singolo condomino potr\u00e0 vedere nella propria Area Riservata:<\/p>\n<ul type=\"disc\">\n<li><span>Posizione contabile<\/span><\/li>\n<li><span>Movimento bacari aggiornati<\/span><\/li>\n<li><span>Tutta la contabilit\u00e0 condominiale comprese le fatture dei fornitori<\/span><\/li>\n<li><span>Accedere ai documenti condominiali e alle comunicazioni dell&#8217;amministratore<\/span><\/li>\n<\/ul>\n<p>Il tutto in modo semplice ed intuitivo, in qualsiasi momento, dal proprio PC o smartphone. Il tutto senza costi aggiuntivi.<\/p>\n<p>&nbsp;<\/p>\n<p>[\/et_pb_blurb][\/et_pb_column][et_pb_column type=&#8221;1_3&#8243; _builder_version=&#8221;4.22.2&#8243; _module_preset=&#8221;default&#8221; global_colors_info=&#8221;{}&#8221;][et_pb_blurb title=&#8221;Assistenza completa e continua&#8221; use_icon=&#8221;on&#8221; font_icon=&#8221;&#xf4c4;||fa||900&#8243; icon_color=&#8221;#0c71c3&#8243; _builder_version=&#8221;4.22.2&#8243; _module_preset=&#8221;default&#8221; header_font=&#8221;Quicksand|700|||||||&#8221; header_text_align=&#8221;center&#8221; body_font=&#8221;Quicksand|600|||||||&#8221; body_text_align=&#8221;justify&#8221; width=&#8221;100%&#8221; animation_style=&#8221;slide&#8221; animation_duration=&#8221;1150ms&#8221; global_colors_info=&#8221;{}&#8221;]<\/p>\n<p>Grazie ai nostri servizi il Condominio e i suoi condomini non sono mai lasciti soli.<\/p>\n<p>Noi forniamo servizi al Tuo amministratore affinch\u00e9 possa dedicarsi al miglioramento e alla creazione di benessere all&#8217;interno del condominio.<\/p>\n<p>Gli amministratori di Condominio nostri partners sono in grado di offrire servizi di livello superiore che garantisco tempestivit\u00e0, reperibilit\u00e0 e trasparenza nella gestione condominiale.<\/p>\n<p>[\/et_pb_blurb][\/et_pb_column][et_pb_column type=&#8221;1_3&#8243; _builder_version=&#8221;4.22.2&#8243; _module_preset=&#8221;default&#8221; global_colors_info=&#8221;{}&#8221;][et_pb_blurb title=&#8221;Professionalit\u00e0&#8221; use_icon=&#8221;on&#8221; font_icon=&#8221;&#xf508;||fa||900&#8243; icon_color=&#8221;#f97900&#8243; _builder_version=&#8221;4.22.2&#8243; _module_preset=&#8221;default&#8221; header_font=&#8221;Quicksand|700|||||||&#8221; header_text_align=&#8221;center&#8221; body_font=&#8221;Quicksand|600|||||||&#8221; body_text_align=&#8221;justify&#8221; animation_style=&#8221;slide&#8221; animation_duration=&#8221;1150ms&#8221; global_colors_info=&#8221;{}&#8221;]<\/p>\n<p>Con noi solo Professionisti.<\/p>\n<p>Abbiamo innovato la gestione condominiale con nuovi sevizi per agevolare i condomini e il benessere e le prospettive del Condominio.<\/p>\n<p>L&#8217;amministratore condominiale richiede grande impegno, specifiche competenze, passione e attenzione nei confronti delle reali esigenze di ogni condomino e del proprio Condominio.<\/p>\n<p>Il tuo amministratore, nostro partners, \u00e8 un eccellente professionista ed \u00e8 in grado di fare ci\u00f2 anche grazie ai nostri servizi, che al condomino non costano nulla, intendiamoci subito.<\/p>\n<p>[\/et_pb_blurb][\/et_pb_column][\/et_pb_row][\/et_pb_section][et_pb_section fb_built=&#8221;1&#8243; _builder_version=&#8221;4.22.2&#8243; _module_preset=&#8221;default&#8221; custom_margin=&#8221;-100px||-6px||false|false&#8221; global_colors_info=&#8221;{}&#8221;][et_pb_row _builder_version=&#8221;4.22.2&#8243; _module_preset=&#8221;default&#8221; custom_margin=&#8221;-28px||||false|false&#8221; global_colors_info=&#8221;{}&#8221;][et_pb_column type=&#8221;4_4&#8243; _builder_version=&#8221;4.22.2&#8243; _module_preset=&#8221;default&#8221; global_colors_info=&#8221;{}&#8221;][et_pb_button button_url=&#8221;@ET-DC@eyJkeW5hbWljIjp0cnVlLCJjb250ZW50IjoicG9zdF9saW5rX3VybF9wYWdlIiwic2V0dGluZ3MiOnsicG9zdF9pZCI6IjQ1NCJ9fQ==@&#8221; button_text=&#8221;Contatti&#8221; button_alignment=&#8221;center&#8221; _builder_version=&#8221;4.22.2&#8243; _dynamic_attributes=&#8221;button_url&#8221; _module_preset=&#8221;default&#8221; custom_button=&#8221;on&#8221; button_text_size=&#8221;18px&#8221; button_text_color=&#8221;#FFFFFF&#8221; button_bg_color=&#8221;#f97900&#8243; button_border_color=&#8221;#ffffff&#8221; button_font=&#8221;Quicksand||||||||&#8221; box_shadow_style=&#8221;preset1&#8243; global_colors_info=&#8221;{}&#8221;][\/et_pb_button][\/et_pb_column][\/et_pb_row][\/et_pb_section]<\/p>\n","protected":false},"excerpt":{"rendered":"<p>I fondi del Condominio sono anche i tuoi. Non vorresti poetrli monitorare quando e dove vuoi? Con le credenziali che \u00a0l&#8217;amministratore di condominio fornir\u00e0, gratuitamente per tutta la durata del suo mandato, il singolo condomino potr\u00e0 vedere nella propria Area Riservata: Posizione contabile Movimento bacari aggiornati Tutta la contabilit\u00e0 condominiale comprese le fatture dei fornitori [&hellip;]<\/p>\n","protected":false},"author":1,"featured_media":0,"parent":0,"menu_order":0,"comment_status":"closed","ping_status":"closed","template":"","meta":{"_et_pb_use_builder":"on","_et_pb_old_content":"","_et_gb_content_width":"","footnotes":""},"class_list":["post-470","page","type-page","status-publish","hentry"],"_links":{"self":[{"href":"https:\/\/ilcondominiomio.it\/index.php\/wp-json\/wp\/v2\/pages\/470","targetHints":{"allow":["GET"]}}],"collection":[{"href":"https:\/\/ilcondominiomio.it\/index.php\/wp-json\/wp\/v2\/pages"}],"about":[{"href":"https:\/\/ilcondominiomio.it\/index.php\/wp-json\/wp\/v2\/types\/page"}],"author":[{"embeddable":true,"href":"https:\/\/ilcondominiomio.it\/index.php\/wp-json\/wp\/v2\/users\/1"}],"replies":[{"embeddable":true,"href":"https:\/\/ilcondominiomio.it\/index.php\/wp-json\/wp\/v2\/comments?post=470"}],"version-history":[{"count":8,"href":"https:\/\/ilcondominiomio.it\/index.php\/wp-json\/wp\/v2\/pages\/470\/revisions"}],"predecessor-version":[{"id":535,"href":"https:\/\/ilcondominiomio.it\/index.php\/wp-json\/wp\/v2\/pages\/470\/revisions\/535"}],"wp:attachment":[{"href":"https:\/\/ilcondominiomio.it\/index.php\/wp-json\/wp\/v2\/media?parent=470"}],"curies":[{"name":"wp","href":"https:\/\/api.w.org\/{rel}","templated":true}]}}